{"id":80,"date":"2017-09-07T09:48:16","date_gmt":"2017-09-07T09:48:16","guid":{"rendered":"http:\/\/konradschule.de\/Wordpress\/?page_id=80"},"modified":"2026-03-10T18:45:59","modified_gmt":"2026-03-10T17:45:59","slug":"elternbeirat","status":"publish","type":"page","link":"https:\/\/konradschule.de\/?page_id=80","title":{"rendered":"Elternbeirat"},"content":{"rendered":"\t\t<div data-elementor-type=\"wp-page\" data-elementor-id=\"80\" class=\"elementor elementor-80\">\n\t\t\t\t<div class=\"elementor-element elementor-element-9e717f3 e-flex e-con-boxed e-con e-parent\" data-id=\"9e717f3\" data-element_type=\"container\" data-e-type=\"container\">\n\t\t\t\t\t<div class=\"e-con-inner\">\n\t\t\t\t<div class=\"elementor-element elementor-element-9bd042a elementor-widget elementor-widget-button\" data-id=\"9bd042a\" data-element_type=\"widget\" data-e-type=\"widget\" data-widget_type=\"button.default\">\n\t\t\t\t\t\t\t\t\t\t<a class=\"elementor-button elementor-button-link elementor-size-sm\" href=\"https:\/\/konradschule.de\/?page_id=76\">\n\t\t\t\t\t\t<span class=\"elementor-button-content-wrapper\">\n\t\t\t\t\t\t<span class=\"elementor-button-icon\">\n\t\t\t\t<svg aria-hidden=\"true\" class=\"e-font-icon-svg e-far-arrow-alt-circle-left\" viewBox=\"0 0 512 512\" xmlns=\"http:\/\/www.w3.org\/2000\/svg\"><path d=\"M8 256c0 137 111 248 248 248s248-111 248-248S393 8 256 8 8 119 8 256zm448 0c0 110.5-89.5 200-200 200S56 366.5 56 256 145.5 56 256 56s200 89.5 200 200zm-72-20v40c0 6.6-5.4 12-12 12H256v67c0 10.7-12.9 16-20.5 8.5l-99-99c-4.7-4.7-4.7-12.3 0-17l99-99c7.6-7.6 20.5-2.2 20.5 8.5v67h116c6.6 0 12 5.4 12 12z\"><\/path><\/svg>\t\t\t<\/span>\n\t\t\t\t\t\t\t\t\t<span class=\"elementor-button-text\">zur\u00fcck<\/span>\n\t\t\t\t\t<\/span>\n\t\t\t\t\t<\/a>\n\t\t\t\t\t\t\t\t<\/div>\n\t\t\t\t\t<\/div>\n\t\t\t\t<\/div>\n\t\t<div class=\"elementor-element elementor-element-6a94382f e-con-full e-flex e-con e-parent\" data-id=\"6a94382f\" data-element_type=\"container\" data-e-type=\"container\">\n\t\t\t\t<div class=\"elementor-element elementor-element-1b35166e elementor-widget elementor-widget-text-editor\" data-id=\"1b35166e\" data-element_type=\"widget\" data-e-type=\"widget\" data-widget_type=\"text-editor.default\">\n\t\t\t\t\t\t\t\t\t<p>\u00a0<\/p><p><span style=\"font-family: georgia, palatino, serif;\"><img decoding=\"async\" class=\"aligncenter wp-image-16765\" src=\"https:\/\/konradschule.de\/wp-content\/uploads\/2022\/05\/konni.png\" alt=\"\" width=\"188\" height=\"181\" \/><\/span><\/p><p style=\"text-align: center;\"><strong>Elternbeirat der Grundschule an der <\/strong><strong>St. <\/strong><strong>Konrad<\/strong><strong>-S<\/strong><strong>tra\u00dfe, Haar<\/strong><\/p><p style=\"text-align: center;\"><span style=\"color: #000000; font-size: 1.8em; font-family: georgia, palatino, serif;\">__________________________________<\/span><\/p><p style=\"text-align: center; font-size: 14pt;\"><strong>Herzlich Willkommen\u00a0<\/strong><\/p><p>Der Elternbeirat vertritt die Interessen der Eltern an der Grundschule St.-Konrad-Stra\u00dfe Haar einschlie\u00dflich der Ganztagesklassen.<\/p><hr \/><p style=\"text-align: center;\"><strong>Das Team<\/strong><\/p><p><img fetchpriority=\"high\" decoding=\"async\" class=\"aligncenter wp-image-20291\" src=\"https:\/\/konradschule.de\/wp-content\/uploads\/2026\/03\/Elternbeirat-2026.jpg\" alt=\"\" width=\"648\" height=\"648\" srcset=\"https:\/\/konradschule.de\/wp-content\/uploads\/2026\/03\/Elternbeirat-2026.jpg 1024w, https:\/\/konradschule.de\/wp-content\/uploads\/2026\/03\/Elternbeirat-2026-300x300.jpg 300w, https:\/\/konradschule.de\/wp-content\/uploads\/2026\/03\/Elternbeirat-2026-150x150.jpg 150w, https:\/\/konradschule.de\/wp-content\/uploads\/2026\/03\/Elternbeirat-2026-768x768.jpg 768w\" sizes=\"(max-width: 648px) 100vw, 648px\" \/><\/p><p>Wir suchen Verst\u00e4rkung! Jede Form der Mitarbeit ist stets willkommen, auch wenn Sie kein gew\u00e4hltes Elternbeiratsmitglied sind. Tatkr\u00e4ftige Unterst\u00fctzung k\u00f6nnen wir insbesondere an Schulfesten ben\u00f6tigen. Gerne melden unter: <a href=\"mailto:elternbeirat@konradschule.de\">elternbeirat@konradschule.de<\/a><\/p><hr \/><p style=\"text-align: center;\"><strong>Aktuelle Projekte<\/strong><\/p><table class=\" aligncenter\" style=\"height: 100%; width: 100%; border-collapse: collapse; border-style: none;\"><tbody><tr><td style=\"width: 50%;\"><img decoding=\"async\" class=\"alignnone wp-image-18763\" src=\"https:\/\/konradschule.de\/wp-content\/uploads\/2024\/01\/Beetpflege-290x300.png\" alt=\"\" width=\"202\" height=\"209\" srcset=\"https:\/\/konradschule.de\/wp-content\/uploads\/2024\/01\/Beetpflege-290x300.png 290w, https:\/\/konradschule.de\/wp-content\/uploads\/2024\/01\/Beetpflege.png 480w\" sizes=\"(max-width: 202px) 100vw, 202px\" \/><\/td><td style=\"width: 50%;\"><p><strong><span style=\"font-size: 14pt;\">Beetpflege<\/span><\/strong><\/p><p>In einer Gemeinschafsaktion pflegten am 13. Oktober 2023 Sch\u00fcler, Eltern und Lehrer die Biotope rund um den Pausenhof, damit im n\u00e4chsten Fr\u00fchling eine neue Farbenpracht sprie\u00dfen kann.<\/p><\/td><\/tr><\/tbody><\/table><table class=\" aligncenter\" style=\"height: 100%; width: 100%; border-collapse: collapse; border-style: none;\"><tbody><tr><td style=\"width: 50%;\"><p><strong><span style=\"font-size: 14pt;\">Sternstunden-Spendenaktion<\/span><\/strong><\/p><p>An der vom Bayerischen Rundfunk koordinierten Spendenaktion &#8222;Sternstunden&#8220; beteiligten sich die Kinder und Familien unserer Schule mit insgesamt 460\u20ac. Abgeben konnte man seine Spende am 1.12.2023 beim Elternbeirat. Viele Kinder bastelten in diesem Zusammenhang Sterne f\u00fcr die Aula der Schule, welche der Elternbeirat im Anschluss aufhing.<\/p><\/td><td style=\"width: 50%;\"><img loading=\"lazy\" decoding=\"async\" class=\"size-full wp-image-18765 alignright\" src=\"https:\/\/konradschule.de\/wp-content\/uploads\/2024\/01\/Sternstunden.png\" alt=\"\" width=\"201\" height=\"208\" \/><\/td><\/tr><\/tbody><\/table><table class=\" aligncenter\" style=\"height: 100%; width: 100%; border-collapse: collapse; border-style: none;\"><tbody><tr><td style=\"width: 50%;\"><img loading=\"lazy\" decoding=\"async\" class=\"alignnone wp-image-18764\" src=\"https:\/\/konradschule.de\/wp-content\/uploads\/2024\/01\/IMG_1144-300x300.jpg\" alt=\"\" width=\"203\" height=\"203\" srcset=\"https:\/\/konradschule.de\/wp-content\/uploads\/2024\/01\/IMG_1144-300x300.jpg 300w, https:\/\/konradschule.de\/wp-content\/uploads\/2024\/01\/IMG_1144-1024x1024.jpg 1024w, https:\/\/konradschule.de\/wp-content\/uploads\/2024\/01\/IMG_1144-150x150.jpg 150w, https:\/\/konradschule.de\/wp-content\/uploads\/2024\/01\/IMG_1144-768x768.jpg 768w, https:\/\/konradschule.de\/wp-content\/uploads\/2024\/01\/IMG_1144.jpg 1280w\" sizes=\"(max-width: 203px) 100vw, 203px\" \/><\/td><td style=\"width: 50%;\"><p><span style=\"font-size: 14pt;\"><strong>Weihnachtswald<\/strong><\/span><\/p><p>Der Elternbeirat beteiligte sich im Dezember 2023 stellvertretend f\u00fcr die gesamte Konradschule am durch die Griechische Gemeinde Haar organisierten Weihnachtswald vor der Kirche St. Konrad.<\/p><\/td><\/tr><\/tbody><\/table><hr \/><p style=\"text-align: center;\"><strong>H\u00e4ufig gestellte Fragen<\/strong><\/p><ul><li><em>Wie kann ich den Elternbeirat kontaktieren?<\/em><\/li><\/ul><p style=\"padding-left: 80px;\">Am besten schreiben Sie eine E-Mail an <a href=\"mailto:elternbeirat@konradschule.de\">elternbeirat@konradschule.de<\/a><\/p><ul><li><em>Welche Sprachen sprechen Sie?<\/em><\/li><\/ul><p style=\"padding-left: 80px;\">Deutsch, Englisch, Franz\u00f6sisch, Spanisch<\/p><ul><li><em>Wie unterscheidet sich der Elternbeirat vom F\u00f6rderverein?<\/em><\/li><\/ul><p style=\"padding-left: 80px;\">Kurz: Der Elternbeirat vertritt die Interessen der Eltern, der F\u00f6rderverein die der Kinder. Indirekt vertritt der Elternbeirat nat\u00fcrlich auch die Interessen der Kinder, aber er hat bei Finanzierungen von Projekten einen etwas gr\u00f6\u00dferen Spielraum. So darf er beispielsweise auch ganz pragmatisch Kaffeekocher f\u00fcr Feste anschaffen, obwohl Kinder keinen Kaffee trinken, jedoch aber die Eltern.<\/p><ul><li><em>Was sind die Klassenelternsprecher (KES)?<\/em><\/li><\/ul><p style=\"padding-left: 80px;\">In jeder Schulklasse sind aus der Elternschaft zwei Klassenelternsprecher (kurz KES) gew\u00e4hlt, welche das Sprachrohr zum Elternbeirat sind. Die KES organisieren auch klasseninterne Projekte ohne Mitwirken des EBs, beispielweise das Basteln der Weihnachtsdekoration f\u00fcrs Klassenzimmer. Der EB organsiert vornehmlich Themen, welche die gesamte Schule betreffen.<\/p><hr \/><p style=\"text-align: center;\"><strong>Gesetzlicher Rahmen des EBs<\/strong><\/p><p>Der Elternbeirat vertritt die Interessen der Eltern nach \u00a7 64-68 BayEUG. Gew\u00e4hlt wurde dieser durch die Eltern Anfang des Schuljahres 2023\/24 f\u00fcr eine Amtszeit von zwei Jahren. Die n\u00e4chsten Wahlen finden also im Herbst 2025 statt.<\/p><p><span id=\"page30R_mcid0\" class=\"markedContent\" style=\"font-size: 14pt;\"><span dir=\"ltr\" role=\"presentation\"><strong><a href=\"https:\/\/konradschule.de\/wp-content\/uploads\/2022\/05\/Geschaeftsordnung-Stand-Oktober-2019.pdf\" target=\"_blank\" rel=\"noopener\">Hier<\/a><\/strong> k\u00f6nnen Sie unserer Gesch\u00e4fts- und Wahlordnung einsehen.<\/span><\/span><\/p><p><span id=\"page30R_mcid1\" class=\"markedContent\"><span dir=\"ltr\" role=\"presentation\">Wenn Sie Fragen, W\u00fcnsche, Anregungen oder Vorschl\u00e4ge haben, sprechen Sie uns direkt an <\/span><span dir=\"ltr\" role=\"presentation\">oder schreiben Sie uns:<\/span><\/span><\/p><p style=\"text-align: center;\"><span id=\"page30R_mcid2\" class=\"markedContent\"><br role=\"presentation\" \/><a href=\"mailto:elternbeirat@konradschule.de\"><span dir=\"ltr\" role=\"presentation\"><span style=\"font-size: 14pt;\">elternbeirat@konradschule.de<\/span><\/span><\/a><\/span><span id=\"page30R_mcid3\" class=\"markedContent\" style=\"font-size: 14pt;\"><span dir=\"ltr\" role=\"presentation\">.<\/span><\/span><\/p><h2>\u00a0<\/h2><p><span id=\"page30R_mcid4\" class=\"markedContent\"><\/span><span id=\"page30R_mcid5\" class=\"markedContent\"><\/span><span id=\"page30R_mcid6\" class=\"markedContent\"><\/span><span id=\"page30R_mcid7\" class=\"markedContent\"><strong>Herzlichst, Ihr Elternbeirat<\/strong><br role=\"presentation\" \/><strong><span dir=\"ltr\" role=\"presentation\"><br \/><img loading=\"lazy\" decoding=\"async\" class=\"size-full wp-image-17519 alignright\" src=\"https:\/\/konradschule.de\/wp-content\/uploads\/2022\/10\/2022-10-19_11h32_15.png\" alt=\"\" width=\"453\" height=\"284\" srcset=\"https:\/\/konradschule.de\/wp-content\/uploads\/2022\/10\/2022-10-19_11h32_15.png 453w, https:\/\/konradschule.de\/wp-content\/uploads\/2022\/10\/2022-10-19_11h32_15-300x188.png 300w, https:\/\/konradschule.de\/wp-content\/uploads\/2022\/10\/2022-10-19_11h32_15-320x200.png 320w\" sizes=\"(max-width: 453px) 100vw, 453px\" \/><\/span><\/strong><\/span><\/p><div align=\"center\">\u00a0<\/div><hr \/><p style=\"text-align: left;\"><span style=\"font-size: 12pt;\"><strong>Unsere Aktivit\u00e4ten im Schuljahr 2022\/23<\/strong><\/span><\/p><p><img loading=\"lazy\" decoding=\"async\" class=\"aligncenter size-full wp-image-18565\" src=\"https:\/\/konradschule.de\/wp-content\/uploads\/2023\/07\/2022_23_Bild_A.jpg\" alt=\"\" width=\"900\" height=\"1241\" srcset=\"https:\/\/konradschule.de\/wp-content\/uploads\/2023\/07\/2022_23_Bild_A.jpg 900w, https:\/\/konradschule.de\/wp-content\/uploads\/2023\/07\/2022_23_Bild_A-218x300.jpg 218w, https:\/\/konradschule.de\/wp-content\/uploads\/2023\/07\/2022_23_Bild_A-743x1024.jpg 743w, https:\/\/konradschule.de\/wp-content\/uploads\/2023\/07\/2022_23_Bild_A-768x1059.jpg 768w\" sizes=\"(max-width: 900px) 100vw, 900px\" \/> <img loading=\"lazy\" decoding=\"async\" class=\"aligncenter size-full wp-image-18566\" src=\"https:\/\/konradschule.de\/wp-content\/uploads\/2023\/07\/2022_23_Bild_B.jpg\" alt=\"\" width=\"900\" height=\"1094\" srcset=\"https:\/\/konradschule.de\/wp-content\/uploads\/2023\/07\/2022_23_Bild_B.jpg 900w, https:\/\/konradschule.de\/wp-content\/uploads\/2023\/07\/2022_23_Bild_B-247x300.jpg 247w, https:\/\/konradschule.de\/wp-content\/uploads\/2023\/07\/2022_23_Bild_B-842x1024.jpg 842w, https:\/\/konradschule.de\/wp-content\/uploads\/2023\/07\/2022_23_Bild_B-768x934.jpg 768w\" sizes=\"(max-width: 900px) 100vw, 900px\" \/> <img loading=\"lazy\" decoding=\"async\" class=\"aligncenter size-full wp-image-18567\" src=\"https:\/\/konradschule.de\/wp-content\/uploads\/2023\/07\/2022_23_Bild_C.jpg\" alt=\"\" width=\"900\" height=\"936\" srcset=\"https:\/\/konradschule.de\/wp-content\/uploads\/2023\/07\/2022_23_Bild_C.jpg 900w, https:\/\/konradschule.de\/wp-content\/uploads\/2023\/07\/2022_23_Bild_C-288x300.jpg 288w, https:\/\/konradschule.de\/wp-content\/uploads\/2023\/07\/2022_23_Bild_C-768x799.jpg 768w\" sizes=\"(max-width: 900px) 100vw, 900px\" \/> <img loading=\"lazy\" decoding=\"async\" class=\"aligncenter size-full wp-image-18568\" src=\"https:\/\/konradschule.de\/wp-content\/uploads\/2023\/07\/2022_23_Bild_D.jpg\" alt=\"\" width=\"900\" height=\"1209\" srcset=\"https:\/\/konradschule.de\/wp-content\/uploads\/2023\/07\/2022_23_Bild_D.jpg 900w, https:\/\/konradschule.de\/wp-content\/uploads\/2023\/07\/2022_23_Bild_D-223x300.jpg 223w, https:\/\/konradschule.de\/wp-content\/uploads\/2023\/07\/2022_23_Bild_D-762x1024.jpg 762w, https:\/\/konradschule.de\/wp-content\/uploads\/2023\/07\/2022_23_Bild_D-768x1032.jpg 768w\" sizes=\"(max-width: 900px) 100vw, 900px\" \/> <img loading=\"lazy\" decoding=\"async\" class=\"aligncenter size-full wp-image-18569\" src=\"https:\/\/konradschule.de\/wp-content\/uploads\/2023\/07\/2022_23_Bild_E.jpg\" alt=\"\" width=\"900\" height=\"1064\" srcset=\"https:\/\/konradschule.de\/wp-content\/uploads\/2023\/07\/2022_23_Bild_E.jpg 900w, https:\/\/konradschule.de\/wp-content\/uploads\/2023\/07\/2022_23_Bild_E-254x300.jpg 254w, https:\/\/konradschule.de\/wp-content\/uploads\/2023\/07\/2022_23_Bild_E-866x1024.jpg 866w, https:\/\/konradschule.de\/wp-content\/uploads\/2023\/07\/2022_23_Bild_E-768x908.jpg 768w\" sizes=\"(max-width: 900px) 100vw, 900px\" \/> <img loading=\"lazy\" decoding=\"async\" class=\"aligncenter size-full wp-image-18570\" src=\"https:\/\/konradschule.de\/wp-content\/uploads\/2023\/07\/2022_23_Bild_F.jpg\" alt=\"\" width=\"900\" height=\"537\" srcset=\"https:\/\/konradschule.de\/wp-content\/uploads\/2023\/07\/2022_23_Bild_F.jpg 900w, https:\/\/konradschule.de\/wp-content\/uploads\/2023\/07\/2022_23_Bild_F-300x179.jpg 300w, https:\/\/konradschule.de\/wp-content\/uploads\/2023\/07\/2022_23_Bild_F-768x458.jpg 768w\" sizes=\"(max-width: 900px) 100vw, 900px\" \/> <img loading=\"lazy\" decoding=\"async\" class=\"aligncenter size-full wp-image-18571\" src=\"https:\/\/konradschule.de\/wp-content\/uploads\/2023\/07\/2022_23_Bild_G.jpg\" alt=\"\" width=\"900\" height=\"1084\" srcset=\"https:\/\/konradschule.de\/wp-content\/uploads\/2023\/07\/2022_23_Bild_G.jpg 900w, https:\/\/konradschule.de\/wp-content\/uploads\/2023\/07\/2022_23_Bild_G-249x300.jpg 249w, https:\/\/konradschule.de\/wp-content\/uploads\/2023\/07\/2022_23_Bild_G-850x1024.jpg 850w, https:\/\/konradschule.de\/wp-content\/uploads\/2023\/07\/2022_23_Bild_G-768x925.jpg 768w\" sizes=\"(max-width: 900px) 100vw, 900px\" \/> <img loading=\"lazy\" decoding=\"async\" class=\"aligncenter size-full wp-image-18572\" src=\"https:\/\/konradschule.de\/wp-content\/uploads\/2023\/07\/2022_23_Bild_H.jpg\" alt=\"\" width=\"900\" height=\"784\" srcset=\"https:\/\/konradschule.de\/wp-content\/uploads\/2023\/07\/2022_23_Bild_H.jpg 900w, https:\/\/konradschule.de\/wp-content\/uploads\/2023\/07\/2022_23_Bild_H-300x261.jpg 300w, https:\/\/konradschule.de\/wp-content\/uploads\/2023\/07\/2022_23_Bild_H-768x669.jpg 768w\" sizes=\"(max-width: 900px) 100vw, 900px\" \/> <img loading=\"lazy\" decoding=\"async\" class=\"aligncenter size-full wp-image-18573\" src=\"https:\/\/konradschule.de\/wp-content\/uploads\/2023\/07\/2022_23_Bild_I.jpg\" alt=\"\" width=\"900\" height=\"900\" srcset=\"https:\/\/konradschule.de\/wp-content\/uploads\/2023\/07\/2022_23_Bild_I.jpg 900w, https:\/\/konradschule.de\/wp-content\/uploads\/2023\/07\/2022_23_Bild_I-300x300.jpg 300w, https:\/\/konradschule.de\/wp-content\/uploads\/2023\/07\/2022_23_Bild_I-150x150.jpg 150w, https:\/\/konradschule.de\/wp-content\/uploads\/2023\/07\/2022_23_Bild_I-768x768.jpg 768w\" sizes=\"(max-width: 900px) 100vw, 900px\" \/><\/p><p><span style=\"font-family: georgia, palatino, serif;\"><img loading=\"lazy\" decoding=\"async\" class=\"aligncenter size-full wp-image-17507\" src=\"https:\/\/konradschule.de\/wp-content\/uploads\/2022\/10\/2022-10-19_11h33_05.png\" alt=\"\" width=\"818\" height=\"745\" srcset=\"https:\/\/konradschule.de\/wp-content\/uploads\/2022\/10\/2022-10-19_11h33_05.png 818w, https:\/\/konradschule.de\/wp-content\/uploads\/2022\/10\/2022-10-19_11h33_05-300x273.png 300w, https:\/\/konradschule.de\/wp-content\/uploads\/2022\/10\/2022-10-19_11h33_05-768x699.png 768w\" sizes=\"(max-width: 818px) 100vw, 818px\" \/><\/span><\/p><hr \/><p><span style=\"font-family: georgia, palatino, serif;\"><img loading=\"lazy\" decoding=\"async\" class=\"aligncenter size-full wp-image-17508\" src=\"https:\/\/konradschule.de\/wp-content\/uploads\/2022\/10\/2022-10-19_11h33_16.png\" alt=\"\" width=\"820\" height=\"563\" srcset=\"https:\/\/konradschule.de\/wp-content\/uploads\/2022\/10\/2022-10-19_11h33_16.png 820w, https:\/\/konradschule.de\/wp-content\/uploads\/2022\/10\/2022-10-19_11h33_16-300x206.png 300w, https:\/\/konradschule.de\/wp-content\/uploads\/2022\/10\/2022-10-19_11h33_16-768x527.png 768w\" sizes=\"(max-width: 820px) 100vw, 820px\" \/><\/span><\/p><p><span style=\"font-family: georgia, palatino, serif;\"><img loading=\"lazy\" decoding=\"async\" class=\"aligncenter size-full wp-image-17509\" src=\"https:\/\/konradschule.de\/wp-content\/uploads\/2022\/10\/2022-10-19_11h33_23.png\" alt=\"\" width=\"833\" height=\"620\" srcset=\"https:\/\/konradschule.de\/wp-content\/uploads\/2022\/10\/2022-10-19_11h33_23.png 833w, https:\/\/konradschule.de\/wp-content\/uploads\/2022\/10\/2022-10-19_11h33_23-300x223.png 300w, https:\/\/konradschule.de\/wp-content\/uploads\/2022\/10\/2022-10-19_11h33_23-768x572.png 768w\" sizes=\"(max-width: 833px) 100vw, 833px\" \/><\/span><\/p><p><span style=\"font-family: georgia, palatino, serif;\"><img loading=\"lazy\" decoding=\"async\" class=\"aligncenter size-full wp-image-17510\" src=\"https:\/\/konradschule.de\/wp-content\/uploads\/2022\/10\/2022-10-19_11h33_32.png\" alt=\"\" width=\"859\" height=\"641\" srcset=\"https:\/\/konradschule.de\/wp-content\/uploads\/2022\/10\/2022-10-19_11h33_32.png 859w, https:\/\/konradschule.de\/wp-content\/uploads\/2022\/10\/2022-10-19_11h33_32-300x224.png 300w, https:\/\/konradschule.de\/wp-content\/uploads\/2022\/10\/2022-10-19_11h33_32-768x573.png 768w\" sizes=\"(max-width: 859px) 100vw, 859px\" \/><\/span><\/p><p><span style=\"font-family: georgia, palatino, serif;\"><img loading=\"lazy\" decoding=\"async\" class=\"aligncenter size-full wp-image-17511\" src=\"https:\/\/konradschule.de\/wp-content\/uploads\/2022\/10\/2022-10-19_11h33_39.png\" alt=\"\" width=\"847\" height=\"526\" srcset=\"https:\/\/konradschule.de\/wp-content\/uploads\/2022\/10\/2022-10-19_11h33_39.png 847w, https:\/\/konradschule.de\/wp-content\/uploads\/2022\/10\/2022-10-19_11h33_39-300x186.png 300w, https:\/\/konradschule.de\/wp-content\/uploads\/2022\/10\/2022-10-19_11h33_39-768x477.png 768w, https:\/\/konradschule.de\/wp-content\/uploads\/2022\/10\/2022-10-19_11h33_39-320x200.png 320w\" sizes=\"(max-width: 847px) 100vw, 847px\" \/><\/span><\/p><p><span style=\"font-family: georgia, palatino, serif;\"><img loading=\"lazy\" decoding=\"async\" class=\"aligncenter size-full wp-image-17512\" src=\"https:\/\/konradschule.de\/wp-content\/uploads\/2022\/10\/2022-10-19_11h33_46.png\" alt=\"\" width=\"876\" height=\"642\" srcset=\"https:\/\/konradschule.de\/wp-content\/uploads\/2022\/10\/2022-10-19_11h33_46.png 876w, https:\/\/konradschule.de\/wp-content\/uploads\/2022\/10\/2022-10-19_11h33_46-300x220.png 300w, https:\/\/konradschule.de\/wp-content\/uploads\/2022\/10\/2022-10-19_11h33_46-768x563.png 768w\" sizes=\"(max-width: 876px) 100vw, 876px\" \/><\/span><\/p><p><span style=\"font-family: georgia, palatino, serif;\"><img loading=\"lazy\" decoding=\"async\" class=\"aligncenter size-full wp-image-17513\" src=\"https:\/\/konradschule.de\/wp-content\/uploads\/2022\/10\/2022-10-19_11h33_53.png\" alt=\"\" width=\"797\" height=\"538\" srcset=\"https:\/\/konradschule.de\/wp-content\/uploads\/2022\/10\/2022-10-19_11h33_53.png 797w, https:\/\/konradschule.de\/wp-content\/uploads\/2022\/10\/2022-10-19_11h33_53-300x203.png 300w, https:\/\/konradschule.de\/wp-content\/uploads\/2022\/10\/2022-10-19_11h33_53-768x518.png 768w\" sizes=\"(max-width: 797px) 100vw, 797px\" \/><\/span><\/p><p><span style=\"font-family: georgia, palatino, serif;\"><img loading=\"lazy\" decoding=\"async\" class=\"aligncenter size-full wp-image-17514\" src=\"https:\/\/konradschule.de\/wp-content\/uploads\/2022\/10\/2022-10-19_11h34_00.png\" alt=\"\" width=\"851\" height=\"781\" srcset=\"https:\/\/konradschule.de\/wp-content\/uploads\/2022\/10\/2022-10-19_11h34_00.png 851w, https:\/\/konradschule.de\/wp-content\/uploads\/2022\/10\/2022-10-19_11h34_00-300x275.png 300w, https:\/\/konradschule.de\/wp-content\/uploads\/2022\/10\/2022-10-19_11h34_00-768x705.png 768w\" sizes=\"(max-width: 851px) 100vw, 851px\" \/><\/span><\/p><p><span style=\"font-family: georgia, palatino, serif;\"><img loading=\"lazy\" decoding=\"async\" class=\"aligncenter size-full wp-image-17515\" src=\"https:\/\/konradschule.de\/wp-content\/uploads\/2022\/10\/2022-10-19_11h34_08.png\" alt=\"\" width=\"819\" height=\"509\" srcset=\"https:\/\/konradschule.de\/wp-content\/uploads\/2022\/10\/2022-10-19_11h34_08.png 819w, https:\/\/konradschule.de\/wp-content\/uploads\/2022\/10\/2022-10-19_11h34_08-300x186.png 300w, https:\/\/konradschule.de\/wp-content\/uploads\/2022\/10\/2022-10-19_11h34_08-768x477.png 768w, https:\/\/konradschule.de\/wp-content\/uploads\/2022\/10\/2022-10-19_11h34_08-320x200.png 320w\" sizes=\"(max-width: 819px) 100vw, 819px\" \/><\/span><\/p><p><span style=\"font-family: georgia, palatino, serif;\"><img loading=\"lazy\" decoding=\"async\" class=\"aligncenter size-full wp-image-17516\" src=\"https:\/\/konradschule.de\/wp-content\/uploads\/2022\/10\/2022-10-19_11h34_15.png\" alt=\"\" width=\"838\" height=\"786\" srcset=\"https:\/\/konradschule.de\/wp-content\/uploads\/2022\/10\/2022-10-19_11h34_15.png 838w, https:\/\/konradschule.de\/wp-content\/uploads\/2022\/10\/2022-10-19_11h34_15-300x281.png 300w, https:\/\/konradschule.de\/wp-content\/uploads\/2022\/10\/2022-10-19_11h34_15-768x720.png 768w\" sizes=\"(max-width: 838px) 100vw, 838px\" \/><\/span><\/p><p><span style=\"font-family: georgia, palatino, serif;\"><img loading=\"lazy\" decoding=\"async\" class=\"aligncenter size-full wp-image-17517\" src=\"https:\/\/konradschule.de\/wp-content\/uploads\/2022\/10\/2022-10-19_11h34_22.png\" alt=\"\" width=\"809\" height=\"467\" srcset=\"https:\/\/konradschule.de\/wp-content\/uploads\/2022\/10\/2022-10-19_11h34_22.png 809w, https:\/\/konradschule.de\/wp-content\/uploads\/2022\/10\/2022-10-19_11h34_22-300x173.png 300w, https:\/\/konradschule.de\/wp-content\/uploads\/2022\/10\/2022-10-19_11h34_22-768x443.png 768w\" sizes=\"(max-width: 809px) 100vw, 809px\" \/><\/span><\/p>\t\t\t\t\t\t\t\t<\/div>\n\t\t\t\t<\/div>\n\t\t\t\t<\/div>\n\t\t","protected":false},"excerpt":{"rendered":"<p>zur\u00fcck \u00a0 Elternbeirat der Grundschule an der St. Konrad-Stra\u00dfe, Haar __________________________________ Herzlich Willkommen\u00a0 Der Elternbeirat vertritt die Interessen der Eltern an der Grundschule St.-Konrad-Stra\u00dfe Haar einschlie\u00dflich der Ganztagesklassen. Das Team [&hellip;]<\/p>\n","protected":false},"author":1,"featured_media":0,"parent":76,"menu_order":0,"comment_status":"closed","ping_status":"closed","template":"","meta":{"footnotes":"","_links_to":"","_links_to_target":""},"class_list":["post-80","page","type-page","status-publish","hentry"],"_links":{"self":[{"href":"https:\/\/konradschule.de\/index.php?rest_route=\/wp\/v2\/pages\/80","targetHints":{"allow":["GET"]}}],"collection":[{"href":"https:\/\/konradschule.de\/index.php?rest_route=\/wp\/v2\/pages"}],"about":[{"href":"https:\/\/konradschule.de\/index.php?rest_route=\/wp\/v2\/types\/page"}],"author":[{"embeddable":true,"href":"https:\/\/konradschule.de\/index.php?rest_route=\/wp\/v2\/users\/1"}],"replies":[{"embeddable":true,"href":"https:\/\/konradschule.de\/index.php?rest_route=%2Fwp%2Fv2%2Fcomments&post=80"}],"version-history":[{"count":91,"href":"https:\/\/konradschule.de\/index.php?rest_route=\/wp\/v2\/pages\/80\/revisions"}],"predecessor-version":[{"id":20294,"href":"https:\/\/konradschule.de\/index.php?rest_route=\/wp\/v2\/pages\/80\/revisions\/20294"}],"up":[{"embeddable":true,"href":"https:\/\/konradschule.de\/index.php?rest_route=\/wp\/v2\/pages\/76"}],"wp:attachment":[{"href":"https:\/\/konradschule.de\/index.php?rest_route=%2Fwp%2Fv2%2Fmedia&parent=80"}],"curies":[{"name":"wp","href":"https:\/\/api.w.org\/{rel}","templated":true}]}}