{"id":68,"date":"2017-09-07T09:46:42","date_gmt":"2017-09-07T09:46:42","guid":{"rendered":"http:\/\/konradschule.de\/Wordpress\/?page_id=68"},"modified":"2026-02-23T05:45:09","modified_gmt":"2026-02-23T04:45:09","slug":"technische-leitung","status":"publish","type":"page","link":"https:\/\/konradschule.de\/?page_id=68","title":{"rendered":"Hausmeister"},"content":{"rendered":"\t\t<div data-elementor-type=\"wp-page\" data-elementor-id=\"68\" class=\"elementor elementor-68\">\n\t\t\t\t<div class=\"elementor-element elementor-element-227cb79 e-flex e-con-boxed e-con e-parent\" data-id=\"227cb79\" data-element_type=\"container\" data-e-type=\"container\">\n\t\t\t\t\t<div class=\"e-con-inner\">\n\t\t\t\t<div class=\"elementor-element elementor-element-55b6580 elementor-widget elementor-widget-button\" data-id=\"55b6580\" data-element_type=\"widget\" data-e-type=\"widget\" data-widget_type=\"button.default\">\n\t\t\t\t\t\t\t\t\t\t<a class=\"elementor-button elementor-button-link elementor-size-sm\" href=\"https:\/\/konradschule.de\/?page_id=60\">\n\t\t\t\t\t\t<span class=\"elementor-button-content-wrapper\">\n\t\t\t\t\t\t<span class=\"elementor-button-icon\">\n\t\t\t\t<svg aria-hidden=\"true\" class=\"e-font-icon-svg e-far-arrow-alt-circle-left\" viewBox=\"0 0 512 512\" xmlns=\"http:\/\/www.w3.org\/2000\/svg\"><path d=\"M8 256c0 137 111 248 248 248s248-111 248-248S393 8 256 8 8 119 8 256zm448 0c0 110.5-89.5 200-200 200S56 366.5 56 256 145.5 56 256 56s200 89.5 200 200zm-72-20v40c0 6.6-5.4 12-12 12H256v67c0 10.7-12.9 16-20.5 8.5l-99-99c-4.7-4.7-4.7-12.3 0-17l99-99c7.6-7.6 20.5-2.2 20.5 8.5v67h116c6.6 0 12 5.4 12 12z\"><\/path><\/svg>\t\t\t<\/span>\n\t\t\t\t\t\t\t\t\t<span class=\"elementor-button-text\">zur\u00fcck<\/span>\n\t\t\t\t\t<\/span>\n\t\t\t\t\t<\/a>\n\t\t\t\t\t\t\t\t<\/div>\n\t\t\t\t\t<\/div>\n\t\t\t\t<\/div>\n\t\t<div class=\"elementor-element elementor-element-2e5ec1ae e-flex e-con-boxed e-con e-parent\" data-id=\"2e5ec1ae\" data-element_type=\"container\" data-e-type=\"container\">\n\t\t\t\t\t<div class=\"e-con-inner\">\n\t\t\t\t<div class=\"elementor-element elementor-element-78b88acc elementor-widget elementor-widget-text-editor\" data-id=\"78b88acc\" data-element_type=\"widget\" data-e-type=\"widget\" data-widget_type=\"text-editor.default\">\n\t\t\t\t\t\t\t\t\t<p>\u00a0<\/p><p><img decoding=\"async\" class=\"size-full wp-image-640 alignleft\" src=\"https:\/\/konradschule.de\/wp-content\/uploads\/2017\/09\/enzo.jpg\" alt=\"\" width=\"189\" height=\"262\" \/><\/p><p>Enzo Maiese ist stets zur Stelle und repariert fast alles.<\/p><p style=\"text-align: left;\">Er sorgt f\u00fcr ein ordentliches Schulhaus, hilft bei der Vorbereitung von Veranstaltungen und bei der Dekoration des Schulhauses, bringt Papier, die Post und Pakete, tr\u00e4gt St\u00fchle, pflegt die Au\u00dfenanlagen, r\u00e4umt Schnee, streut die Wege . . .<\/p><p>Man erreicht ihn unter:\u00a00160\/90696478<\/p>\t\t\t\t\t\t\t\t<\/div>\n\t\t\t\t\t<\/div>\n\t\t\t\t<\/div>\n\t\t\t\t<\/div>\n\t\t","protected":false},"excerpt":{"rendered":"<p>zur\u00fcck \u00a0 Enzo Maiese ist stets zur Stelle und repariert fast alles. Er sorgt f\u00fcr ein ordentliches Schulhaus, hilft bei der Vorbereitung von Veranstaltungen und bei der Dekoration des Schulhauses, [&hellip;]<\/p>\n","protected":false},"author":1,"featured_media":0,"parent":60,"menu_order":0,"comment_status":"closed","ping_status":"closed","template":"","meta":{"footnotes":"","_links_to":"","_links_to_target":""},"class_list":["post-68","page","type-page","status-publish","hentry"],"_links":{"self":[{"href":"https:\/\/konradschule.de\/index.php?rest_route=\/wp\/v2\/pages\/68","targetHints":{"allow":["GET"]}}],"collection":[{"href":"https:\/\/konradschule.de\/index.php?rest_route=\/wp\/v2\/pages"}],"about":[{"href":"https:\/\/konradschule.de\/index.php?rest_route=\/wp\/v2\/types\/page"}],"author":[{"embeddable":true,"href":"https:\/\/konradschule.de\/index.php?rest_route=\/wp\/v2\/users\/1"}],"replies":[{"embeddable":true,"href":"https:\/\/konradschule.de\/index.php?rest_route=%2Fwp%2Fv2%2Fcomments&post=68"}],"version-history":[{"count":12,"href":"https:\/\/konradschule.de\/index.php?rest_route=\/wp\/v2\/pages\/68\/revisions"}],"predecessor-version":[{"id":20223,"href":"https:\/\/konradschule.de\/index.php?rest_route=\/wp\/v2\/pages\/68\/revisions\/20223"}],"up":[{"embeddable":true,"href":"https:\/\/konradschule.de\/index.php?rest_route=\/wp\/v2\/pages\/60"}],"wp:attachment":[{"href":"https:\/\/konradschule.de\/index.php?rest_route=%2Fwp%2Fv2%2Fmedia&parent=68"}],"curies":[{"name":"wp","href":"https:\/\/api.w.org\/{rel}","templated":true}]}}