{"id":3672,"date":"2018-01-19T12:00:09","date_gmt":"2018-01-19T12:00:09","guid":{"rendered":"http:\/\/konradschule.de\/?page_id=3672"},"modified":"2026-04-09T17:42:34","modified_gmt":"2026-04-09T16:42:34","slug":"ich-im-team","status":"publish","type":"page","link":"https:\/\/konradschule.de\/?page_id=3672","title":{"rendered":"ICH im Team"},"content":{"rendered":"\t\t<div data-elementor-type=\"wp-page\" data-elementor-id=\"3672\" class=\"elementor elementor-3672\">\n\t\t\t\t<div class=\"elementor-element elementor-element-a8ad00a e-flex e-con-boxed e-con e-parent\" data-id=\"a8ad00a\" data-element_type=\"container\" data-e-type=\"container\">\n\t\t\t\t\t<div class=\"e-con-inner\">\n\t\t\t\t<div class=\"elementor-element elementor-element-32ce2fe elementor-widget elementor-widget-button\" data-id=\"32ce2fe\" data-element_type=\"widget\" data-e-type=\"widget\" data-widget_type=\"button.default\">\n\t\t\t\t\t\t\t\t\t\t<a class=\"elementor-button elementor-button-link elementor-size-sm\" href=\"https:\/\/konradschule.de\/?page_id=72\">\n\t\t\t\t\t\t<span class=\"elementor-button-content-wrapper\">\n\t\t\t\t\t\t<span class=\"elementor-button-icon\">\n\t\t\t\t<svg aria-hidden=\"true\" class=\"e-font-icon-svg e-far-arrow-alt-circle-left\" viewBox=\"0 0 512 512\" xmlns=\"http:\/\/www.w3.org\/2000\/svg\"><path d=\"M8 256c0 137 111 248 248 248s248-111 248-248S393 8 256 8 8 119 8 256zm448 0c0 110.5-89.5 200-200 200S56 366.5 56 256 145.5 56 256 56s200 89.5 200 200zm-72-20v40c0 6.6-5.4 12-12 12H256v67c0 10.7-12.9 16-20.5 8.5l-99-99c-4.7-4.7-4.7-12.3 0-17l99-99c7.6-7.6 20.5-2.2 20.5 8.5v67h116c6.6 0 12 5.4 12 12z\"><\/path><\/svg>\t\t\t<\/span>\n\t\t\t\t\t\t\t\t\t<span class=\"elementor-button-text\">zur\u00fcck<\/span>\n\t\t\t\t\t<\/span>\n\t\t\t\t\t<\/a>\n\t\t\t\t\t\t\t\t<\/div>\n\t\t\t\t\t<\/div>\n\t\t\t\t<\/div>\n\t\t<div class=\"elementor-element elementor-element-50f9b34f e-flex e-con-boxed e-con e-parent\" data-id=\"50f9b34f\" data-element_type=\"container\" data-e-type=\"container\">\n\t\t\t\t\t<div class=\"e-con-inner\">\n\t\t\t\t<div class=\"elementor-element elementor-element-3d86a6c8 elementor-widget elementor-widget-text-editor\" data-id=\"3d86a6c8\" data-element_type=\"widget\" data-e-type=\"widget\" data-widget_type=\"text-editor.default\">\n\t\t\t\t\t\t\t\t\t<p>\u00a0<\/p><p><strong><u>\u201eIch im Team\u201c \u2013 ein Sozialkompetenztraining f\u00fcr die Klassenstufen 1-4<\/u><\/strong><\/p><p>Die von den Eltern auf Anregung der Klassenlehrkraft angemeldeten Kinder treffen sich einmal w\u00f6chentlich f\u00fcr eine Schulstunde im Anschluss an den Unterricht im Ruheraum der Schule. Die Gruppenst\u00e4rke variiert zwischen vier und acht Sch\u00fclern. Frau Zran und Frau Babayigit leiten die Gruppe und behandeln f\u00fcr die Kinder relevante Themen. Die Zusammenarbeit mit dem Elternhaus und der jeweiligen Klassenlehrkraft wird als sehr wichtig angesehen und erfolgt durch regelm\u00e4\u00dfige R\u00fcckmeldung und Elterngespr\u00e4che.<\/p><p>Ein kleiner Auszug aus den m\u00f6glichen Themenbereichen, die gruppenspezifisch ausgew\u00e4hlt werden und somit variieren k\u00f6nnen:<\/p><ul><li>Wahrnehmen von Gef\u00fchlen bei sich und anderen<\/li><li>Angemessenes Ausdr\u00fccken von Gef\u00fchlen<\/li><li>Richtiger Umgang mit Konfliktsituationen<\/li><li>Impulskontrolle, angemessener Umgang mit Wut<\/li><li>Kommunikationsstrategien<\/li><li>Sch\u00e4rfung der Wahrnehmung f\u00fcr die Folgen eines bestimmten Verhaltens<\/li><li>Auseinandersetzung mit der eigenen Rolle<\/li><li>Richtiger Umgang mit \u00c4ngsten<\/li><li>Freundschaft<\/li><li>Angemessene Selbstsicherheit<\/li><li>Empathisches Verhalten<\/li><\/ul><p>Ein kleiner Auszug aus den eingesetzten Methoden:<\/p><ul><li>Selbsterfahrungs-, Rollen-,Vertrauensspiele<\/li><li>Entspannungstechniken<\/li><li>Gespr\u00e4chskreise<\/li><li>Musikalische Elemente<\/li><li>K\u00fcnstlerisch-gestalterische Elemente<\/li><\/ul>\t\t\t\t\t\t\t\t<\/div>\n\t\t\t\t\t<\/div>\n\t\t\t\t<\/div>\n\t\t\t\t<\/div>\n\t\t","protected":false},"excerpt":{"rendered":"<p>zur\u00fcck \u00a0 \u201eIch im Team\u201c \u2013 ein Sozialkompetenztraining f\u00fcr die Klassenstufen 1-4 Die von den Eltern auf Anregung der Klassenlehrkraft angemeldeten Kinder treffen sich einmal w\u00f6chentlich f\u00fcr eine Schulstunde im [&hellip;]<\/p>\n","protected":false},"author":2,"featured_media":0,"parent":0,"menu_order":0,"comment_status":"closed","ping_status":"closed","template":"","meta":{"footnotes":"","_links_to":"","_links_to_target":""},"class_list":["post-3672","page","type-page","status-publish","hentry"],"_links":{"self":[{"href":"https:\/\/konradschule.de\/index.php?rest_route=\/wp\/v2\/pages\/3672","targetHints":{"allow":["GET"]}}],"collection":[{"href":"https:\/\/konradschule.de\/index.php?rest_route=\/wp\/v2\/pages"}],"about":[{"href":"https:\/\/konradschule.de\/index.php?rest_route=\/wp\/v2\/types\/page"}],"author":[{"embeddable":true,"href":"https:\/\/konradschule.de\/index.php?rest_route=\/wp\/v2\/users\/2"}],"replies":[{"embeddable":true,"href":"https:\/\/konradschule.de\/index.php?rest_route=%2Fwp%2Fv2%2Fcomments&post=3672"}],"version-history":[{"count":9,"href":"https:\/\/konradschule.de\/index.php?rest_route=\/wp\/v2\/pages\/3672\/revisions"}],"predecessor-version":[{"id":20330,"href":"https:\/\/konradschule.de\/index.php?rest_route=\/wp\/v2\/pages\/3672\/revisions\/20330"}],"wp:attachment":[{"href":"https:\/\/konradschule.de\/index.php?rest_route=%2Fwp%2Fv2%2Fmedia&parent=3672"}],"curies":[{"name":"wp","href":"https:\/\/api.w.org\/{rel}","templated":true}]}}