{"id":2704,"date":"2017-12-09T14:19:00","date_gmt":"2017-12-09T14:19:00","guid":{"rendered":"http:\/\/konradschule.de\/?page_id=2704"},"modified":"2026-01-11T11:42:20","modified_gmt":"2026-01-11T10:42:20","slug":"foerderung","status":"publish","type":"page","link":"https:\/\/konradschule.de\/?page_id=2704","title":{"rendered":"F\u00f6rderung"},"content":{"rendered":"\t\t<div data-elementor-type=\"wp-page\" data-elementor-id=\"2704\" class=\"elementor elementor-2704\">\n\t\t\t\t<div class=\"elementor-element elementor-element-ad7baf7 e-flex e-con-boxed e-con e-parent\" data-id=\"ad7baf7\" data-element_type=\"container\" data-e-type=\"container\">\n\t\t\t\t\t<div class=\"e-con-inner\">\n\t\t\t\t<div class=\"elementor-element elementor-element-cf2bee4 elementor-widget elementor-widget-button\" data-id=\"cf2bee4\" data-element_type=\"widget\" data-e-type=\"widget\" data-widget_type=\"button.default\">\n\t\t\t\t\t\t\t\t\t\t<a class=\"elementor-button elementor-button-link elementor-size-sm\" href=\"https:\/\/konradschule.de\/?page_id=12\">\n\t\t\t\t\t\t<span class=\"elementor-button-content-wrapper\">\n\t\t\t\t\t\t<span class=\"elementor-button-icon\">\n\t\t\t\t<svg aria-hidden=\"true\" class=\"e-font-icon-svg e-far-arrow-alt-circle-left\" viewBox=\"0 0 512 512\" xmlns=\"http:\/\/www.w3.org\/2000\/svg\"><path d=\"M8 256c0 137 111 248 248 248s248-111 248-248S393 8 256 8 8 119 8 256zm448 0c0 110.5-89.5 200-200 200S56 366.5 56 256 145.5 56 256 56s200 89.5 200 200zm-72-20v40c0 6.6-5.4 12-12 12H256v67c0 10.7-12.9 16-20.5 8.5l-99-99c-4.7-4.7-4.7-12.3 0-17l99-99c7.6-7.6 20.5-2.2 20.5 8.5v67h116c6.6 0 12 5.4 12 12z\"><\/path><\/svg>\t\t\t<\/span>\n\t\t\t\t\t\t\t\t\t<span class=\"elementor-button-text\">zur\u00fcck<\/span>\n\t\t\t\t\t<\/span>\n\t\t\t\t\t<\/a>\n\t\t\t\t\t\t\t\t<\/div>\n\t\t\t\t\t<\/div>\n\t\t\t\t<\/div>\n\t\t<div class=\"elementor-element elementor-element-4eee4f59 e-flex e-con-boxed e-con e-parent\" data-id=\"4eee4f59\" data-element_type=\"container\" data-e-type=\"container\">\n\t\t\t\t\t<div class=\"e-con-inner\">\n\t\t\t\t<div class=\"elementor-element elementor-element-68317aea elementor-widget elementor-widget-text-editor\" data-id=\"68317aea\" data-element_type=\"widget\" data-e-type=\"widget\" data-widget_type=\"text-editor.default\">\n\t\t\t\t\t\t\t\t\t<p><span style=\"font-size: 12pt;\">Zus\u00e4tzlich zur F\u00f6rderung im Rahmen des Unterrichts mittels Differenzierung und F\u00f6rderstunden gibt es an der Schule:<\/span><\/p><p><strong><span style=\"font-size: 12pt; color: #ff0000;\">Intensivierungsstunden der VHS<\/span><\/strong><\/p><p><span style=\"font-size: 12pt; color: #000000;\">Das Programm &#8222;Kindern Chancen geben&#8220; (B\u00fcrgerstiftung Haar) finanziert zus\u00e4tzlichen F\u00f6rderunterricht durch p\u00e4dagogisches Personal der VHS Haar. Die Intensivierungskr\u00e4fte vertiefen in Kleingruppen- oder Einzelunterricht Lerninhalte des laufenden Unterrichts. Sie arbeiten dabei sehr eng mit den Klassenlehrkr\u00e4ften zusammen. Die Intensivierungsstunden finden w\u00e4hrend des Unterrichtsvormittags in R\u00e4umen der Schule statt.<\/span><\/p><hr \/><p><span style=\"font-size: 14pt; color: #000000;\"><strong>SPRACHF\u00d6RDERUNG<\/strong><\/span><\/p><p><strong><span style=\"font-size: 12pt; color: #ff0000;\">KSF<\/span><\/strong><\/p><p><span style=\"font-size: 12pt; color: #000000;\">F\u00fcr Kinder der ersten und zweiten Klasse gibt es die M\u00f6glichkeit der Kooperativen Sprachf\u00f6rderung. Diese findet w\u00f6chentlich in Kooperation mit der Hachinger Tal Schule statt. <a href=\"https:\/\/www.sfz-uhg.de\/index.php\/inklusion\/ksf\">Hier<\/a> finden Sie weitere Informationen.<\/span><\/p><p><span style=\"color: #ff0000;\"><strong><span style=\"font-size: 12pt;\">Vorkurse und Deutsch-F\u00f6rderstunden<\/span><\/strong><\/span><\/p><p><span style=\"font-size: 12pt; color: #000000;\">Zur Sprachf\u00f6rderung von Kindern mit nicht-deutscher Muttersprache gibt es bereits im Jahr vor der Einschulung das Angebot des <a href=\"https:\/\/konradschule.de\/?page_id=124\">Vorkurses<\/a> in Kooperation mit den Kinderg\u00e4rten. Dar\u00fcber hinaus gibt es Ausl\u00e4nder-F\u00f6rderstunden f\u00fcr Grundschulkinder, die noch Defizite in der deutschen Sprache aufweisen.<\/span><\/p><hr \/><p><span style=\"color: #000000;\"><strong><span style=\"font-size: 14pt;\">LESEF\u00d6RDERUNG<\/span><\/strong><\/span><\/p><p><span style=\"color: #000000; font-size: 12pt;\">Neben Lesen\u00e4chten, dem Lesen von Klassenlekt\u00fcren u.v.m. finden an der Schule vielf\u00e4ltige Ma\u00dfnahmen zur Steigerung von Lesefreude und Lesekompetenz statt:<\/span><\/p><p><span style=\"color: #ff0000;\"><strong><span style=\"font-size: 12pt;\">Lesepaten<\/span><\/strong><\/span><\/p><div id=\"irc_mimg\">\u00a0<\/div><div><span style=\"color: #000000;\"><span style=\"font-size: 12pt;\">Die Initiative &#8222;Hand-in-Hand&#8220; in Haar unterst\u00fctzt uns mit Lesepaten, die mit einzelnen Kinder das Lesen \u00fcben und somit helfen, deren Lesekompetenz zu steigern. <\/span><span style=\"font-size: 12pt;\">N\u00e4here Informationen zu &#8222;Hand-in-Hand&#8220; finden Sie im Internet unter\u00a0<a style=\"color: #000000;\" href=\"http:\/\/www.handinhandinhaar.de\">www.handinhandinhaar.de<\/a>.<\/span><\/span><\/div><div><span style=\"font-size: 12pt; color: #000000;\">\u00a0<\/span><\/div><div><span style=\"font-size: 12pt; color: #000000;\">Auch aus der Mittelschule besuchen uns immer wieder die Lesepaten aus h\u00f6heren Klassen, die mit den Grundsch\u00fclern das Lesen \u00fcben oder den J\u00fcngeren auch mal vorlesen.<\/span><\/div><div><span style=\"font-size: 12pt; color: #000000;\">\u00a0<\/span><\/div><div>\u00a0<\/div><p><span style=\"color: #ff0000;\"><strong><span style=\"font-size: 12pt;\">Lesef\u00f6rderung\u00a0mit\u00a0Antolin<\/span><\/strong><\/span><\/p><div>\u00a0<\/div><div><p><span style=\"font-size: 12pt; color: #000000;\">Auf <a style=\"color: #000000;\" href=\"http:\/\/Www.antolin.de\">www.antolin.de<\/a> k\u00f6nnen die Sch\u00fcler Quizfragen zu gelesenen Kinderb\u00fcchern beantworten und flei\u00dfig Punkte sammeln. Bereits unsere J\u00fcngsten sind mit Freude dabei und erfahren so eine zus\u00e4tzliche Lesemotivation.<\/span><\/p><\/div><p><span style=\"color: #ff0000;\"><strong><span style=\"font-size: 12pt;\">B\u00fccherei-Besuche<\/span><\/strong><\/span><\/p><p><span style=\"font-size: 12pt; color: #000000;\">Bei den regelm\u00e4\u00dfigen, monatlichen B\u00fcchereibesuchen jeder Klasse haben die Sch\u00fcler die M\u00f6glichkeit, im Fundus der Gemeindeb\u00fccherei zu st\u00f6bern. Dar\u00fcber hinaus k\u00f6nnen sie sich B\u00fccher und Medien ausleihen, die sie dann beim n\u00e4chsten B\u00fcchereitermin der Klasse wieder mitbringen. Au\u00dferdem bietet die B\u00fccherei besondere Leseprojekte f\u00fcr die Schule an, die immer gerne wahrgenommen werden.<\/span><\/p><p><span style=\"font-size: 12pt; color: #ff0000;\"><strong>FiLBY<\/strong><\/span><\/p><p><span style=\"font-size: 12pt; color: #000000;\">Die 2. und 3. Klassen nehmen an der Leseinitiative FiLBY\u00a0 <strong>(F<\/strong>ach<strong><u>i<\/u><\/strong>ntegrierte<strong> <u>L<\/u><\/strong>esef\u00f6rderung <b><u>B<\/u><\/b>a<strong><u>y<\/u><\/strong>ern) teil, die sich anschlie\u00dfend in der 4. Klasse fortsetzt. Erkl\u00e4rtes Ziel ist die gezielte und systematische Lesef\u00f6rderung. <a href=\"https:\/\/www.lesen.bayern.de\/filby\/\">Hier<\/a> finden Sie weitere Informationen.<\/span><\/p><p><span style=\"font-family: arial, helvetica, sans-serif; color: #000000;\"><img decoding=\"async\" class=\"size-medium wp-image-9458 aligncenter\" src=\"https:\/\/konradschule.de\/wp-content\/uploads\/2019\/01\/FiLBy_Grafik-300x76.png\" alt=\"\" width=\"300\" height=\"76\" srcset=\"https:\/\/konradschule.de\/wp-content\/uploads\/2019\/01\/FiLBy_Grafik-300x76.png 300w, https:\/\/konradschule.de\/wp-content\/uploads\/2019\/01\/FiLBy_Grafik-768x194.png 768w, https:\/\/konradschule.de\/wp-content\/uploads\/2019\/01\/FiLBy_Grafik-1024x259.png 1024w, https:\/\/konradschule.de\/wp-content\/uploads\/2019\/01\/FiLBy_Grafik.png 1617w\" sizes=\"(max-width: 300px) 100vw, 300px\" \/><\/span><\/p><div dir=\"auto\">\u00a0<\/div><div dir=\"auto\">\u00a0<\/div><div dir=\"auto\"><p><span style=\"color: #ff0000;\"><strong><span style=\"font-size: 12pt;\">&#8222;Konnis Leserei&#8220; &#8211; Bibliothek der Konradschule<\/span><\/strong><\/span><\/p><p><span style=\"font-size: 12pt; color: #000000;\">Hier darf im Unterricht geschm\u00f6kert werden. Die Pr\u00e4senzbibliothek &#8222;Konnis Leserei&#8220; bietet allen Leseratten ein vielf\u00e4ltiges Angebot an kindgerechter Literatur f\u00fcr alle Altersgruppen, Leseniveaus und Interessengebiete.<\/span><\/p><\/div><p><img decoding=\"async\" class=\"wp-image-19891 aligncenter\" src=\"https:\/\/konradschule.de\/wp-content\/uploads\/2025\/09\/JRM_1141-1-e1758878875958.jpg\" alt=\"\" width=\"227\" height=\"151\" \/><\/p><hr \/><p><span style=\"font-size: 14pt; color: #000000;\"><strong>F\u00d6RDERUNG SOZIALER UND EMOTIONALER KOMPETENZEN<\/strong><\/span><\/p><p><span style=\"font-size: 12pt; color: #000000;\">Unsere <a href=\"https:\/\/konradschule.de\/?page_id=72\">Jugendsozialarbeiterin<\/a> unterst\u00fctzt die Sch\u00fcler beim Erwerb sozialer Kompetenzen in vielf\u00e4ltigen Projekten, wie z. B.<\/span><\/p><ul><li><span style=\"font-size: 12pt; color: #000000;\">Projekt <a style=\"color: #000000;\" href=\"https:\/\/konradschule.de\/?page_id=663\">auf<em>g<\/em>schaut<\/a> &#8211; Gewaltpr\u00e4vention (Klassenstufe 1-4)<\/span><\/li><li><span style=\"font-size: 12pt; color: #000000;\">Projekt <a style=\"color: #000000;\" href=\"https:\/\/konradschule.de\/?page_id=666\">Streitschlichter<\/a> (Klassenstufe 3)<\/span><\/li><li><span style=\"font-size: 12pt; color: #000000;\">Projekt <a style=\"color: #000000;\" href=\"https:\/\/konradschule.de\/?page_id=1678\">Resi<\/a> \u2013 Resilienter werden mit Resi (Klassenstufe 1-2)<\/span><\/li><li><span style=\"font-size: 12pt; color: #000000;\">Sch\u00fclerparlament (Klassenstufe 1-4)<\/span><\/li><li><span style=\"font-size: 12pt; color: #000000;\"><a style=\"color: #000000;\" href=\"https:\/\/konradschule.de\/?page_id=3672\">&#8222;ICH im Team&#8220;<\/a> &#8211;\u00a0 Sozialtraining (Klassenstufe 1-4)<\/span><\/li><li><span style=\"font-size: 12pt; color: #000000;\">Einzeltraining bei St\u00f6rungen des Sozialverhaltens (Klassenstufe 1-4)<\/span><\/li><li><span style=\"font-size: 12pt; color: #000000;\">Klassenrat (Klassenstufe 1-4)<\/span><\/li><\/ul><hr \/>\t\t\t\t\t\t\t\t<\/div>\n\t\t\t\t\t<\/div>\n\t\t\t\t<\/div>\n\t\t\t\t<\/div>\n\t\t","protected":false},"excerpt":{"rendered":"<p>zur\u00fcck Zus\u00e4tzlich zur F\u00f6rderung im Rahmen des Unterrichts mittels Differenzierung und F\u00f6rderstunden gibt es an der Schule: Intensivierungsstunden der VHS Das Programm &#8222;Kindern Chancen geben&#8220; (B\u00fcrgerstiftung Haar) finanziert zus\u00e4tzlichen F\u00f6rderunterricht [&hellip;]<\/p>\n","protected":false},"author":2,"featured_media":0,"parent":0,"menu_order":0,"comment_status":"closed","ping_status":"closed","template":"","meta":{"footnotes":"","_links_to":"","_links_to_target":""},"class_list":["post-2704","page","type-page","status-publish","hentry"],"_links":{"self":[{"href":"https:\/\/konradschule.de\/index.php?rest_route=\/wp\/v2\/pages\/2704","targetHints":{"allow":["GET"]}}],"collection":[{"href":"https:\/\/konradschule.de\/index.php?rest_route=\/wp\/v2\/pages"}],"about":[{"href":"https:\/\/konradschule.de\/index.php?rest_route=\/wp\/v2\/types\/page"}],"author":[{"embeddable":true,"href":"https:\/\/konradschule.de\/index.php?rest_route=\/wp\/v2\/users\/2"}],"replies":[{"embeddable":true,"href":"https:\/\/konradschule.de\/index.php?rest_route=%2Fwp%2Fv2%2Fcomments&post=2704"}],"version-history":[{"count":134,"href":"https:\/\/konradschule.de\/index.php?rest_route=\/wp\/v2\/pages\/2704\/revisions"}],"predecessor-version":[{"id":20122,"href":"https:\/\/konradschule.de\/index.php?rest_route=\/wp\/v2\/pages\/2704\/revisions\/20122"}],"wp:attachment":[{"href":"https:\/\/konradschule.de\/index.php?rest_route=%2Fwp%2Fv2%2Fmedia&parent=2704"}],"curies":[{"name":"wp","href":"https:\/\/api.w.org\/{rel}","templated":true}]}}