{"id":19282,"date":"2025-06-05T17:03:21","date_gmt":"2025-06-05T16:03:21","guid":{"rendered":"https:\/\/konradschule.de\/?page_id=19282"},"modified":"2025-06-05T17:03:21","modified_gmt":"2025-06-05T16:03:21","slug":"aktuelles","status":"publish","type":"page","link":"https:\/\/konradschule.de\/?page_id=19282","title":{"rendered":"Aktuelles"},"content":{"rendered":"<p><strong>Projektwoche der Grundschule St. Konrad\/ Haar (19.05.25 &#8211; 23.05.25)<\/strong><\/p>\n<p><img fetchpriority=\"high\" decoding=\"async\" class=\"aligncenter  wp-image-19281\" src=\"https:\/\/konradschule.de\/wp-content\/uploads\/2025\/06\/DD_Konzert1-scaled.jpg\" alt=\"\" width=\"382\" height=\"238\" srcset=\"https:\/\/konradschule.de\/wp-content\/uploads\/2025\/06\/DD_Konzert1-scaled.jpg 2560w, https:\/\/konradschule.de\/wp-content\/uploads\/2025\/06\/DD_Konzert1-300x187.jpg 300w, https:\/\/konradschule.de\/wp-content\/uploads\/2025\/06\/DD_Konzert1-1024x638.jpg 1024w, https:\/\/konradschule.de\/wp-content\/uploads\/2025\/06\/DD_Konzert1-768x478.jpg 768w, https:\/\/konradschule.de\/wp-content\/uploads\/2025\/06\/DD_Konzert1-1536x957.jpg 1536w, https:\/\/konradschule.de\/wp-content\/uploads\/2025\/06\/DD_Konzert1-2048x1275.jpg 2048w, https:\/\/konradschule.de\/wp-content\/uploads\/2025\/06\/DD_Konzert1-320x200.jpg 320w\" sizes=\"(max-width: 382px) 100vw, 382px\" \/><\/p>\n<p>\u201eMusik kann jeder\u201c \u2013 unter diesem Motto stand die Projektwoche der Grundschule St. Konrad vom 19. 05.25 bis 23.05.25.<\/p>\n<p>Zur Freude aller Kinder war der Mathematik- und Deutschunterricht eine Woche lang Nebensache, stattdessen wurde in den Klassenzimmern t\u00e4glich eifrig getrommelt, gesungen und getanzt.<\/p>\n<p>Besonders spannend war es, dass das\u00a0bekannte Percussion- Duo\u00a0\u201eDouble\u00a0Drums\u201c an die Schule kam. Es veranstaltete Dank der finanziellen Unterst\u00fctzung durch den F\u00f6rderverein f\u00fcr jede Jahrgangsstufe Rhythmus- und Trommel- Workshops.<\/p>\n<p>Den H\u00f6hepunkt der Woche bildete aber der Freitag: Am Vormittag durften die Kinder einem Konzert der \u201eDouble Drums\u201c lauschen. Alle waren von den zwei \u201ecoolen\u201c, jungen M\u00e4nnern, ihren virtuosen Trommelk\u00fcnsten und humorvollen Einf\u00e4llen begeistert.<\/p>\n<p>Nachmittags fand dann f\u00fcr die ganze Schulfamilie ein gro\u00dfes Schulfest statt. Hier hatten die Kinder Gelegenheit, die Ergebnisse der Projektwoche in kleinen Musikdarbietungen zu pr\u00e4sentieren. Sie wurden mit viel Applaus von den zahlreich erschienenen Eltern und Gro\u00dfeltern belohnt.<\/p>\n<p>Au\u00dferdem bereiteten alle Klassen auf dem Schulgel\u00e4nde Spielestationen vor, die zus\u00e4tzlich f\u00fcr Spa\u00df und Bewegung sorgten. Als am sp\u00e4ten Nachmittag endlich die Sonne herauskam, tanzten die Grundsch\u00fcler zum Abschluss fr\u00f6hlich den \u201eKonnitanz\u201c, w\u00e4hrend die Erwachsenen am Stand des Elternbeirats die letzten Kuchenst\u00fccke\u00a0 naschten.<\/p>\n<p>Am Ende waren sich alle einig \u2013 es war wirklich eine tolle, kreative Woche voller Musik und Rhythmus!<\/p>\n<p>&nbsp;<\/p>\n<p><img decoding=\"async\" class=\"aligncenter  wp-image-19284\" src=\"https:\/\/konradschule.de\/wp-content\/uploads\/2025\/06\/Konnitanz1-scaled.jpg\" alt=\"\" width=\"285\" height=\"351\" srcset=\"https:\/\/konradschule.de\/wp-content\/uploads\/2025\/06\/Konnitanz1-scaled.jpg 2079w, https:\/\/konradschule.de\/wp-content\/uploads\/2025\/06\/Konnitanz1-244x300.jpg 244w, https:\/\/konradschule.de\/wp-content\/uploads\/2025\/06\/Konnitanz1-832x1024.jpg 832w, https:\/\/konradschule.de\/wp-content\/uploads\/2025\/06\/Konnitanz1-768x946.jpg 768w, https:\/\/konradschule.de\/wp-content\/uploads\/2025\/06\/Konnitanz1-1247x1536.jpg 1247w, https:\/\/konradschule.de\/wp-content\/uploads\/2025\/06\/Konnitanz1-1663x2048.jpg 1663w\" sizes=\"(max-width: 285px) 100vw, 285px\" \/> <img decoding=\"async\" class=\"aligncenter  wp-image-19283\" src=\"https:\/\/konradschule.de\/wp-content\/uploads\/2025\/06\/Kinderschminken-scaled.jpg\" alt=\"\" width=\"315\" height=\"263\" srcset=\"https:\/\/konradschule.de\/wp-content\/uploads\/2025\/06\/Kinderschminken-scaled.jpg 2560w, https:\/\/konradschule.de\/wp-content\/uploads\/2025\/06\/Kinderschminken-300x251.jpg 300w, https:\/\/konradschule.de\/wp-content\/uploads\/2025\/06\/Kinderschminken-1024x856.jpg 1024w, https:\/\/konradschule.de\/wp-content\/uploads\/2025\/06\/Kinderschminken-768x642.jpg 768w, https:\/\/konradschule.de\/wp-content\/uploads\/2025\/06\/Kinderschminken-1536x1285.jpg 1536w, https:\/\/konradschule.de\/wp-content\/uploads\/2025\/06\/Kinderschminken-2048x1713.jpg 2048w\" sizes=\"(max-width: 315px) 100vw, 315px\" \/> <img loading=\"lazy\" decoding=\"async\" class=\"aligncenter  wp-image-19285\" src=\"https:\/\/konradschule.de\/wp-content\/uploads\/2025\/06\/Spielestation-scaled.jpg\" alt=\"\" width=\"313\" height=\"250\" srcset=\"https:\/\/konradschule.de\/wp-content\/uploads\/2025\/06\/Spielestation-scaled.jpg 2560w, https:\/\/konradschule.de\/wp-content\/uploads\/2025\/06\/Spielestation-300x240.jpg 300w, https:\/\/konradschule.de\/wp-content\/uploads\/2025\/06\/Spielestation-1024x819.jpg 1024w, https:\/\/konradschule.de\/wp-content\/uploads\/2025\/06\/Spielestation-768x614.jpg 768w, https:\/\/konradschule.de\/wp-content\/uploads\/2025\/06\/Spielestation-1536x1229.jpg 1536w, https:\/\/konradschule.de\/wp-content\/uploads\/2025\/06\/Spielestation-2048x1638.jpg 2048w\" sizes=\"(max-width: 313px) 100vw, 313px\" \/><\/p>\n","protected":false},"excerpt":{"rendered":"<p>Projektwoche der Grundschule St. Konrad\/ Haar (19.05.25 &#8211; 23.05.25) \u201eMusik kann jeder\u201c \u2013 unter diesem Motto stand die Projektwoche der Grundschule St. Konrad vom 19. 05.25 bis 23.05.25. Zur Freude [&hellip;]<\/p>\n","protected":false},"author":1,"featured_media":0,"parent":0,"menu_order":0,"comment_status":"closed","ping_status":"closed","template":"","meta":{"footnotes":"","_links_to":"","_links_to_target":""},"class_list":["post-19282","page","type-page","status-publish","hentry"],"_links":{"self":[{"href":"https:\/\/konradschule.de\/index.php?rest_route=\/wp\/v2\/pages\/19282","targetHints":{"allow":["GET"]}}],"collection":[{"href":"https:\/\/konradschule.de\/index.php?rest_route=\/wp\/v2\/pages"}],"about":[{"href":"https:\/\/konradschule.de\/index.php?rest_route=\/wp\/v2\/types\/page"}],"author":[{"embeddable":true,"href":"https:\/\/konradschule.de\/index.php?rest_route=\/wp\/v2\/users\/1"}],"replies":[{"embeddable":true,"href":"https:\/\/konradschule.de\/index.php?rest_route=%2Fwp%2Fv2%2Fcomments&post=19282"}],"version-history":[{"count":1,"href":"https:\/\/konradschule.de\/index.php?rest_route=\/wp\/v2\/pages\/19282\/revisions"}],"predecessor-version":[{"id":19286,"href":"https:\/\/konradschule.de\/index.php?rest_route=\/wp\/v2\/pages\/19282\/revisions\/19286"}],"wp:attachment":[{"href":"https:\/\/konradschule.de\/index.php?rest_route=%2Fwp%2Fv2%2Fmedia&parent=19282"}],"curies":[{"name":"wp","href":"https:\/\/api.w.org\/{rel}","templated":true}]}}