{"id":124,"date":"2017-09-07T09:54:23","date_gmt":"2017-09-07T09:54:23","guid":{"rendered":"http:\/\/konradschule.de\/Wordpress\/?page_id=124"},"modified":"2026-04-09T18:58:41","modified_gmt":"2026-04-09T17:58:41","slug":"vorkurs","status":"publish","type":"page","link":"https:\/\/konradschule.de\/?page_id=124","title":{"rendered":"Vorkurs"},"content":{"rendered":"\t\t<div data-elementor-type=\"wp-page\" data-elementor-id=\"124\" class=\"elementor elementor-124\">\n\t\t\t\t<div class=\"elementor-element elementor-element-ee8025e e-flex e-con-boxed e-con e-parent\" data-id=\"ee8025e\" data-element_type=\"container\" data-e-type=\"container\">\n\t\t\t\t\t<div class=\"e-con-inner\">\n\t\t\t\t<div class=\"elementor-element elementor-element-783d899 elementor-widget elementor-widget-button\" data-id=\"783d899\" data-element_type=\"widget\" data-e-type=\"widget\" data-widget_type=\"button.default\">\n\t\t\t\t\t\t\t\t\t\t<a class=\"elementor-button elementor-button-link elementor-size-sm\" href=\"https:\/\/konradschule.de\/?page_id=116\">\n\t\t\t\t\t\t<span class=\"elementor-button-content-wrapper\">\n\t\t\t\t\t\t<span class=\"elementor-button-icon\">\n\t\t\t\t<svg aria-hidden=\"true\" class=\"e-font-icon-svg e-far-arrow-alt-circle-left\" viewBox=\"0 0 512 512\" xmlns=\"http:\/\/www.w3.org\/2000\/svg\"><path d=\"M8 256c0 137 111 248 248 248s248-111 248-248S393 8 256 8 8 119 8 256zm448 0c0 110.5-89.5 200-200 200S56 366.5 56 256 145.5 56 256 56s200 89.5 200 200zm-72-20v40c0 6.6-5.4 12-12 12H256v67c0 10.7-12.9 16-20.5 8.5l-99-99c-4.7-4.7-4.7-12.3 0-17l99-99c7.6-7.6 20.5-2.2 20.5 8.5v67h116c6.6 0 12 5.4 12 12z\"><\/path><\/svg>\t\t\t<\/span>\n\t\t\t\t\t\t\t\t\t<span class=\"elementor-button-text\">zur\u00fcck<\/span>\n\t\t\t\t\t<\/span>\n\t\t\t\t\t<\/a>\n\t\t\t\t\t\t\t\t<\/div>\n\t\t\t\t\t<\/div>\n\t\t\t\t<\/div>\n\t\t<div class=\"elementor-element elementor-element-3c5395b8 e-flex e-con-boxed e-con e-parent\" data-id=\"3c5395b8\" data-element_type=\"container\" data-e-type=\"container\">\n\t\t\t\t\t<div class=\"e-con-inner\">\n\t\t\t\t<div class=\"elementor-element elementor-element-4d8b92e2 elementor-widget elementor-widget-text-editor\" data-id=\"4d8b92e2\" data-element_type=\"widget\" data-e-type=\"widget\" data-widget_type=\"text-editor.default\">\n\t\t\t\t\t\t\t\t\t<p>\u00a0<\/p><p><u>VORKURS \u2013 WAS IST DAS?<\/u><\/p><p>Im Vorkurs erhalten Vorschulkinder eine gezielte Unterst\u00fctzung beim Erlernen der deutschen Sprache in Bezug auf Wortschatzerweiterung und Sprachverst\u00e4ndnis. Dies ist von besonderer Bedeutung, da \u201eSprache\u201c eine Schl\u00fcsselkompetenz f\u00fcr schulischen Erfolg darstellt.<\/p><p><u>WER NIMMT AM VORKURS TEIL?<\/u><\/p><p>Es nehmen vorwiegend Kinder teil, die Deutsch als Zweitsprache lernen und die zu Hause nicht immer ausreichend M\u00f6glichkeit haben, Deutsch zu h\u00f6ren und zu sprechen. Der Vorkurs richtet sich aber auch an deutschst\u00e4mmige Kinder, die sprachliche Defizite aufweisen. Kinder, die im Sprachverst\u00e4ndnistest Defizite zeigen, sind zum Besuch des Vorkurses und eines Kindergartens mit integriertem Vorkurs im Jahr vor der regul\u00e4ren Einschulung verpflichtet.<\/p><p><u>ZIEL DES VORKURSES<\/u>:<\/p><p>Wir setzen alles daran, den Kindern den \u00dcbergang vom Kindergarten in die Grundschule zu erleichtern, indem sie sprachlich so gef\u00f6rdert werden, dass sie den Anforderungen der Schule gerecht werden k\u00f6nnen.<\/p><p><u>INHALTE: <\/u><\/p><p>Durch verschiedene Lernsituationen erweitern die Kinder im Vorkurs ihren Wortschatz und steigern ihr Sprachverst\u00e4ndnis. Im Rahmen des Vorkurses kann keine \u201eLogop\u00e4dische Therapie\u201c erfolgen.<\/p><p>Einige Lernsituationen im \u00dcberblick:<\/p><p>&#8211; ICH-Heft erstellen und gestalten: \u201eIch stelle mich vor &#8211; Das bin ich\u201c<br \/>&#8211; Sprach- und Wortspiele (z.B. \u201eWir packen die Schultasche\u2026\u201c)<br \/>&#8211; Reime<br \/>&#8211; Silben\u00fcbungen<br \/>&#8211; Geschichten h\u00f6ren, verstehen und gestalten<br \/>&#8211; Verbalisieren im Zahlenraum bis 10<br \/>&#8211; Bastelanleitungen verstehen und umsetzen<br \/>&#8211; Lieder singen<br \/>&#8211; Teilnahme an Schulversammlungen<\/p><p>Einige Themen im \u00dcberblick:<\/p><p>&#8211; Das bin ich<br \/>&#8211; Familie<br \/>&#8211; Schule: Schulhaus und Klassenzimmer<br \/>&#8211; Zahlen<br \/>&#8211; Farben<br \/>&#8211; Formen<br \/>&#8211; Jahreszeiten<br \/>&#8211; Mein Lieblingsessen<br \/>&#8211; Tiere<\/p><p align=\"center\"><img decoding=\"async\" src=\"http:\/\/www.konradschule.de\/Infos\/Einschulung\/vorkurs3.jpg\" alt=\"\" width=\"167\" height=\"167\" border=\"0\" \/> <img decoding=\"async\" src=\"http:\/\/www.konradschule.de\/Infos\/Einschulung\/vorkurs2.jpg\" alt=\"\" width=\"163\" height=\"167\" border=\"0\" \/><\/p>\t\t\t\t\t\t\t\t<\/div>\n\t\t\t\t\t<\/div>\n\t\t\t\t<\/div>\n\t\t\t\t<\/div>\n\t\t","protected":false},"excerpt":{"rendered":"<p>zur\u00fcck \u00a0 VORKURS \u2013 WAS IST DAS? Im Vorkurs erhalten Vorschulkinder eine gezielte Unterst\u00fctzung beim Erlernen der deutschen Sprache in Bezug auf Wortschatzerweiterung und Sprachverst\u00e4ndnis. Dies ist von besonderer Bedeutung, [&hellip;]<\/p>\n","protected":false},"author":1,"featured_media":0,"parent":116,"menu_order":0,"comment_status":"closed","ping_status":"closed","template":"","meta":{"footnotes":"","_links_to":"","_links_to_target":""},"class_list":["post-124","page","type-page","status-publish","hentry"],"_links":{"self":[{"href":"https:\/\/konradschule.de\/index.php?rest_route=\/wp\/v2\/pages\/124","targetHints":{"allow":["GET"]}}],"collection":[{"href":"https:\/\/konradschule.de\/index.php?rest_route=\/wp\/v2\/pages"}],"about":[{"href":"https:\/\/konradschule.de\/index.php?rest_route=\/wp\/v2\/types\/page"}],"author":[{"embeddable":true,"href":"https:\/\/konradschule.de\/index.php?rest_route=\/wp\/v2\/users\/1"}],"replies":[{"embeddable":true,"href":"https:\/\/konradschule.de\/index.php?rest_route=%2Fwp%2Fv2%2Fcomments&post=124"}],"version-history":[{"count":8,"href":"https:\/\/konradschule.de\/index.php?rest_route=\/wp\/v2\/pages\/124\/revisions"}],"predecessor-version":[{"id":20350,"href":"https:\/\/konradschule.de\/index.php?rest_route=\/wp\/v2\/pages\/124\/revisions\/20350"}],"up":[{"embeddable":true,"href":"https:\/\/konradschule.de\/index.php?rest_route=\/wp\/v2\/pages\/116"}],"wp:attachment":[{"href":"https:\/\/konradschule.de\/index.php?rest_route=%2Fwp%2Fv2%2Fmedia&parent=124"}],"curies":[{"name":"wp","href":"https:\/\/api.w.org\/{rel}","templated":true}]}}